{"id":114,"date":"2017-08-21T15:22:55","date_gmt":"2017-08-21T15:22:55","guid":{"rendered":"http:\/\/www.ecambria-systems.com\/compliance-by-design\/?page_id=114"},"modified":"2018-08-08T15:17:27","modified_gmt":"2018-08-08T15:17:27","slug":"escrow","status":"publish","type":"page","link":"https:\/\/www.ecambria-systems.com\/compliance-by-design\/escrow\/","title":{"rendered":"Escrow"},"content":{"rendered":"<p>ecambria escrow ist der Kompetenzbereich der\u00a0ecambria\u00a0systems GmbH f\u00fcr Hinterlegung und bietet deutschen und europ\u00e4ischen Kunden eine zentral gelegene Stelle zur\u00a0treuh\u00e4nderischen Hinterlegung von Software (engl.: software escrow) oder anderen digitalen G\u00fctern.<\/p>\n<p>Details finden Sie auf der speziellen Themenwebseite: <a href=\"http:\/\/escrow.ecambria-experts.de\/\">ecambria escrow<\/a><\/p>\n","protected":false},"excerpt":{"rendered":"<p>ecambria escrow ist der Kompetenzbereich der\u00a0ecambria\u00a0systems GmbH f\u00fcr Hinterlegung und bietet deutschen und europ\u00e4ischen Kunden eine zentral gelegene Stelle zur\u00a0treuh\u00e4nderischen Hinterlegung von Software (engl.: software escrow) oder anderen digitalen G\u00fctern. Details finden Sie auf der speziellen Themenwebseite: ecambria escrow<\/p>\n","protected":false},"author":3,"featured_media":0,"parent":0,"menu_order":0,"comment_status":"closed","ping_status":"closed","template":"page-templates\/front-page.php","meta":[],"yoast_head":"<!-- This site is optimized with the Yoast SEO plugin v18.3 - https:\/\/yoast.com\/wordpress\/plugins\/seo\/ -->\n<title>Escrow - ecambria systems GmbH<\/title>\n<meta name=\"description\" content=\"ecambria escrow ist der Kompetenzbereich Hinterlegung der ecambria systems GmbH und bietet eine zentral gelegene Hinterlegungsstelle f\u00fcr deutsche und europ\u00e4ische Kunden zur treuh\u00e4nderischen Hinterlegung von Software (engl.: software escrow) oder anderer digitaler G\u00fcter.\" \/>\n<meta name=\"robots\" content=\"index, follow, max-snippet:-1, max-image-preview:large, max-video-preview:-1\" \/>\n<link rel=\"canonical\" href=\"https:\/\/www.ecambria-systems.com\/compliance-by-design\/escrow\/\" \/>\n<meta property=\"og:locale\" content=\"de_DE\" \/>\n<meta property=\"og:type\" content=\"article\" \/>\n<meta property=\"og:title\" content=\"Escrow - ecambria systems GmbH\" \/>\n<meta property=\"og:description\" content=\"ecambria escrow ist der Kompetenzbereich Hinterlegung der ecambria systems GmbH und bietet eine zentral gelegene Hinterlegungsstelle f\u00fcr deutsche und europ\u00e4ische Kunden zur treuh\u00e4nderischen Hinterlegung von Software (engl.: software escrow) oder anderer digitaler G\u00fcter.\" \/>\n<meta property=\"og:url\" content=\"https:\/\/www.ecambria-systems.com\/compliance-by-design\/escrow\/\" \/>\n<meta property=\"og:site_name\" content=\"ecambria systems GmbH\" \/>\n<meta property=\"article:modified_time\" content=\"2018-08-08T15:17:27+00:00\" \/>\n<meta name=\"twitter:card\" content=\"summary\" \/>\n<script type=\"application\/ld+json\" class=\"yoast-schema-graph\">{\"@context\":\"https:\/\/schema.org\",\"@graph\":[{\"@type\":\"WebSite\",\"@id\":\"https:\/\/www.ecambria-systems.com\/compliance-by-design\/#website\",\"url\":\"https:\/\/www.ecambria-systems.com\/compliance-by-design\/\",\"name\":\"ecambria systems GmbH\",\"description\":\"Software, Consulting, Expertise\",\"potentialAction\":[{\"@type\":\"SearchAction\",\"target\":{\"@type\":\"EntryPoint\",\"urlTemplate\":\"https:\/\/www.ecambria-systems.com\/compliance-by-design\/?s={search_term_string}\"},\"query-input\":\"required name=search_term_string\"}],\"inLanguage\":\"de\"},{\"@type\":\"WebPage\",\"@id\":\"https:\/\/www.ecambria-systems.com\/compliance-by-design\/escrow\/#webpage\",\"url\":\"https:\/\/www.ecambria-systems.com\/compliance-by-design\/escrow\/\",\"name\":\"Escrow - ecambria systems GmbH\",\"isPartOf\":{\"@id\":\"https:\/\/www.ecambria-systems.com\/compliance-by-design\/#website\"},\"datePublished\":\"2017-08-21T15:22:55+00:00\",\"dateModified\":\"2018-08-08T15:17:27+00:00\",\"description\":\"ecambria escrow ist der Kompetenzbereich Hinterlegung der ecambria systems GmbH und bietet eine zentral gelegene Hinterlegungsstelle f\u00fcr deutsche und europ\u00e4ische Kunden zur treuh\u00e4nderischen Hinterlegung von Software (engl.: software escrow) oder anderer digitaler G\u00fcter.\",\"breadcrumb\":{\"@id\":\"https:\/\/www.ecambria-systems.com\/compliance-by-design\/escrow\/#breadcrumb\"},\"inLanguage\":\"de\",\"potentialAction\":[{\"@type\":\"ReadAction\",\"target\":[\"https:\/\/www.ecambria-systems.com\/compliance-by-design\/escrow\/\"]}]},{\"@type\":\"BreadcrumbList\",\"@id\":\"https:\/\/www.ecambria-systems.com\/compliance-by-design\/escrow\/#breadcrumb\",\"itemListElement\":[{\"@type\":\"ListItem\",\"position\":1,\"name\":\"Startseite\",\"item\":\"https:\/\/www.ecambria-systems.com\/compliance-by-design\/\"},{\"@type\":\"ListItem\",\"position\":2,\"name\":\"Escrow\"}]}]}<\/script>\n<!-- \/ Yoast SEO plugin. -->","yoast_head_json":{"title":"Escrow - ecambria systems GmbH","description":"ecambria escrow ist der Kompetenzbereich Hinterlegung der ecambria systems GmbH und bietet eine zentral gelegene Hinterlegungsstelle f\u00fcr deutsche und europ\u00e4ische Kunden zur treuh\u00e4nderischen Hinterlegung von Software (engl.: software escrow) oder anderer digitaler G\u00fcter.","robots":{"index":"index","follow":"follow","max-snippet":"max-snippet:-1","max-image-preview":"max-image-preview:large","max-video-preview":"max-video-preview:-1"},"canonical":"https:\/\/www.ecambria-systems.com\/compliance-by-design\/escrow\/","og_locale":"de_DE","og_type":"article","og_title":"Escrow - ecambria systems GmbH","og_description":"ecambria escrow ist der Kompetenzbereich Hinterlegung der ecambria systems GmbH und bietet eine zentral gelegene Hinterlegungsstelle f\u00fcr deutsche und europ\u00e4ische Kunden zur treuh\u00e4nderischen Hinterlegung von Software (engl.: software escrow) oder anderer digitaler G\u00fcter.","og_url":"https:\/\/www.ecambria-systems.com\/compliance-by-design\/escrow\/","og_site_name":"ecambria systems GmbH","article_modified_time":"2018-08-08T15:17:27+00:00","twitter_card":"summary","schema":{"@context":"https:\/\/schema.org","@graph":[{"@type":"WebSite","@id":"https:\/\/www.ecambria-systems.com\/compliance-by-design\/#website","url":"https:\/\/www.ecambria-systems.com\/compliance-by-design\/","name":"ecambria systems GmbH","description":"Software, Consulting, Expertise","potentialAction":[{"@type":"SearchAction","target":{"@type":"EntryPoint","urlTemplate":"https:\/\/www.ecambria-systems.com\/compliance-by-design\/?s={search_term_string}"},"query-input":"required name=search_term_string"}],"inLanguage":"de"},{"@type":"WebPage","@id":"https:\/\/www.ecambria-systems.com\/compliance-by-design\/escrow\/#webpage","url":"https:\/\/www.ecambria-systems.com\/compliance-by-design\/escrow\/","name":"Escrow - ecambria systems GmbH","isPartOf":{"@id":"https:\/\/www.ecambria-systems.com\/compliance-by-design\/#website"},"datePublished":"2017-08-21T15:22:55+00:00","dateModified":"2018-08-08T15:17:27+00:00","description":"ecambria escrow ist der Kompetenzbereich Hinterlegung der ecambria systems GmbH und bietet eine zentral gelegene Hinterlegungsstelle f\u00fcr deutsche und europ\u00e4ische Kunden zur treuh\u00e4nderischen Hinterlegung von Software (engl.: software escrow) oder anderer digitaler G\u00fcter.","breadcrumb":{"@id":"https:\/\/www.ecambria-systems.com\/compliance-by-design\/escrow\/#breadcrumb"},"inLanguage":"de","potentialAction":[{"@type":"ReadAction","target":["https:\/\/www.ecambria-systems.com\/compliance-by-design\/escrow\/"]}]},{"@type":"BreadcrumbList","@id":"https:\/\/www.ecambria-systems.com\/compliance-by-design\/escrow\/#breadcrumb","itemListElement":[{"@type":"ListItem","position":1,"name":"Startseite","item":"https:\/\/www.ecambria-systems.com\/compliance-by-design\/"},{"@type":"ListItem","position":2,"name":"Escrow"}]}]}},"_links":{"self":[{"href":"https:\/\/www.ecambria-systems.com\/compliance-by-design\/wp-json\/wp\/v2\/pages\/114"}],"collection":[{"href":"https:\/\/www.ecambria-systems.com\/compliance-by-design\/wp-json\/wp\/v2\/pages"}],"about":[{"href":"https:\/\/www.ecambria-systems.com\/compliance-by-design\/wp-json\/wp\/v2\/types\/page"}],"author":[{"embeddable":true,"href":"https:\/\/www.ecambria-systems.com\/compliance-by-design\/wp-json\/wp\/v2\/users\/3"}],"replies":[{"embeddable":true,"href":"https:\/\/www.ecambria-systems.com\/compliance-by-design\/wp-json\/wp\/v2\/comments?post=114"}],"version-history":[{"count":5,"href":"https:\/\/www.ecambria-systems.com\/compliance-by-design\/wp-json\/wp\/v2\/pages\/114\/revisions"}],"predecessor-version":[{"id":622,"href":"https:\/\/www.ecambria-systems.com\/compliance-by-design\/wp-json\/wp\/v2\/pages\/114\/revisions\/622"}],"wp:attachment":[{"href":"https:\/\/www.ecambria-systems.com\/compliance-by-design\/wp-json\/wp\/v2\/media?parent=114"}],"curies":[{"name":"wp","href":"https:\/\/api.w.org\/{rel}","templated":true}]}}