{"id":118,"date":"2017-08-21T15:33:08","date_gmt":"2017-08-21T15:33:08","guid":{"rendered":"http:\/\/www.ecambria-systems.com\/compliance-by-design\/?page_id=118"},"modified":"2018-08-08T15:16:35","modified_gmt":"2018-08-08T15:16:35","slug":"software","status":"publish","type":"page","link":"https:\/\/www.ecambria-systems.com\/compliance-by-design\/software\/","title":{"rendered":"Software"},"content":{"rendered":"<p>Als Standardsoftware bieten wir Softwarekomponenten und Anwendungen an, die in unserer eigenen Projektpraxis gereift sind und sich so bew\u00e4hrt haben. Mit ihrer Hilfe k\u00f6nnen Sie typische Herausforderungen im Bereich \u201eCompliance\u201c schnell, kosteng\u00fcnstig und effektiv l\u00f6sen.<\/p>\n<p>Das <a href=\"http:\/\/www.cryptotickets.com\"><strong>Cryptotickets-Framework<\/strong><\/a> bietet kryptografische Basiskomponenten f\u00fcr eine Vielzahl Anwendungsf\u00e4lle:<\/p>\n<ul>\n<li><strong>Single-Sign-On<\/strong> zwischen Unternehmen und in der Cloud<\/li>\n<li><strong>Asymmetrische kryptografische Pseudonymisierung<\/strong> von personenbezogenen Daten<\/li>\n<li><strong>Kontaktloses L\u00f6schen<\/strong> von Daten in der Cloud<\/li>\n<li><strong>Verschl\u00fcsselung<\/strong> von kritischen Unternehmensdaten und Verweisen zum Schutz vor unerlaubtem Zugriff<\/li>\n<li><strong>Kryptografische Zeitstempeldienste<\/strong> f\u00fcr revisionssichere Informationsverarbeitung<\/li>\n<\/ul>\n<p><strong>ExpertiseBase<\/strong> ist eine Anwendungssoftware, die Auditoren, Wirtschaftspr\u00fcfer, interne Revision, Rechtsabteilungen, Sachverst\u00e4ndigengesellschaften und andere wissensbasierte Dienstleister bei ihren zentralen T\u00e4tigkeiten \u2013 Erkenntnisgewinn und -kommunikation \u2013 unterst\u00fctzt.<\/p>\n<p>Die Anwendungsbereiche der Software im Einzelnen:<\/p>\n<ul>\n<li><strong>Definition und Dokumentation von Begutachtungsma\u00dfst\u00e4ben<\/strong><\/li>\n<li><strong>Durchf\u00fchrung von Pr\u00fcfungen<\/strong> auf Basis der modellierten Ma\u00dfst\u00e4be<\/li>\n<li><strong>Qualit\u00e4tssicherung<\/strong> von Pr\u00fcfungen<\/li>\n<li>Teilautomatisierte Erstellung von <strong>Pr\u00fcfberichten und Gutachten<\/strong><\/li>\n<li><strong>Perpetuierung von Sachverst\u00e4ndigenwissen und Pr\u00fcfungs-Know-how<\/strong><\/li>\n<\/ul>\n<p>Beide Produkte sind als kostenfreie Demoversionen erh\u00e4ltlich. Bitte setzen Sie sich mit uns bez\u00fcglich einer Teststellung in Verbindung bzw. laden Sie die Testversion des Cryptotickets-Frameworks direkt herunter.<\/p>\n<p>&nbsp;<\/p>\n","protected":false},"excerpt":{"rendered":"<p>Als Standardsoftware bieten wir Softwarekomponenten und Anwendungen an, die in unserer eigenen Projektpraxis gereift sind und sich so bew\u00e4hrt haben. Mit ihrer Hilfe k\u00f6nnen Sie typische Herausforderungen im Bereich \u201eCompliance\u201c schnell, kosteng\u00fcnstig und effektiv l\u00f6sen. Das Cryptotickets-Framework bietet kryptografische Basiskomponenten f\u00fcr eine Vielzahl Anwendungsf\u00e4lle: Single-Sign-On zwischen Unternehmen und in der&#8230;<\/p>\n","protected":false},"author":3,"featured_media":0,"parent":0,"menu_order":0,"comment_status":"closed","ping_status":"closed","template":"page-templates\/front-page.php","meta":[],"yoast_head":"<!-- This site is optimized with the Yoast SEO plugin v18.3 - https:\/\/yoast.com\/wordpress\/plugins\/seo\/ -->\n<title>Software - ecambria systems GmbH<\/title>\n<meta name=\"description\" content=\"Als Standardsoftware bieten wir in der eigenen Projektpraxis gereifte und bew\u00e4hrte Softwarekomponenten und Anwendungen an, mit denen Sie typische Herausforderungen im Bereich &quot;Compliance&quot; schnell, kosteng\u00fcnstig und effektiv l\u00f6sen k\u00f6nnen.\" \/>\n<meta name=\"robots\" content=\"index, follow, max-snippet:-1, max-image-preview:large, max-video-preview:-1\" \/>\n<link rel=\"canonical\" href=\"https:\/\/www.ecambria-systems.com\/compliance-by-design\/software\/\" \/>\n<meta property=\"og:locale\" content=\"de_DE\" \/>\n<meta property=\"og:type\" content=\"article\" \/>\n<meta property=\"og:title\" content=\"Software - ecambria systems GmbH\" \/>\n<meta property=\"og:description\" content=\"Als Standardsoftware bieten wir in der eigenen Projektpraxis gereifte und bew\u00e4hrte Softwarekomponenten und Anwendungen an, mit denen Sie typische Herausforderungen im Bereich &quot;Compliance&quot; schnell, kosteng\u00fcnstig und effektiv l\u00f6sen k\u00f6nnen.\" \/>\n<meta property=\"og:url\" content=\"https:\/\/www.ecambria-systems.com\/compliance-by-design\/software\/\" \/>\n<meta property=\"og:site_name\" content=\"ecambria systems GmbH\" \/>\n<meta property=\"article:modified_time\" content=\"2018-08-08T15:16:35+00:00\" \/>\n<meta name=\"twitter:card\" content=\"summary\" \/>\n<meta name=\"twitter:label1\" content=\"Gesch\u00e4tzte Lesezeit\" \/>\n\t<meta name=\"twitter:data1\" content=\"1\u00a0Minute\" \/>\n<script type=\"application\/ld+json\" class=\"yoast-schema-graph\">{\"@context\":\"https:\/\/schema.org\",\"@graph\":[{\"@type\":\"WebSite\",\"@id\":\"https:\/\/www.ecambria-systems.com\/compliance-by-design\/#website\",\"url\":\"https:\/\/www.ecambria-systems.com\/compliance-by-design\/\",\"name\":\"ecambria systems GmbH\",\"description\":\"Software, Consulting, Expertise\",\"potentialAction\":[{\"@type\":\"SearchAction\",\"target\":{\"@type\":\"EntryPoint\",\"urlTemplate\":\"https:\/\/www.ecambria-systems.com\/compliance-by-design\/?s={search_term_string}\"},\"query-input\":\"required name=search_term_string\"}],\"inLanguage\":\"de\"},{\"@type\":\"WebPage\",\"@id\":\"https:\/\/www.ecambria-systems.com\/compliance-by-design\/software\/#webpage\",\"url\":\"https:\/\/www.ecambria-systems.com\/compliance-by-design\/software\/\",\"name\":\"Software - ecambria systems GmbH\",\"isPartOf\":{\"@id\":\"https:\/\/www.ecambria-systems.com\/compliance-by-design\/#website\"},\"datePublished\":\"2017-08-21T15:33:08+00:00\",\"dateModified\":\"2018-08-08T15:16:35+00:00\",\"description\":\"Als Standardsoftware bieten wir in der eigenen Projektpraxis gereifte und bew\u00e4hrte Softwarekomponenten und Anwendungen an, mit denen Sie typische Herausforderungen im Bereich \\\"Compliance\\\" schnell, kosteng\u00fcnstig und effektiv l\u00f6sen k\u00f6nnen.\",\"breadcrumb\":{\"@id\":\"https:\/\/www.ecambria-systems.com\/compliance-by-design\/software\/#breadcrumb\"},\"inLanguage\":\"de\",\"potentialAction\":[{\"@type\":\"ReadAction\",\"target\":[\"https:\/\/www.ecambria-systems.com\/compliance-by-design\/software\/\"]}]},{\"@type\":\"BreadcrumbList\",\"@id\":\"https:\/\/www.ecambria-systems.com\/compliance-by-design\/software\/#breadcrumb\",\"itemListElement\":[{\"@type\":\"ListItem\",\"position\":1,\"name\":\"Startseite\",\"item\":\"https:\/\/www.ecambria-systems.com\/compliance-by-design\/\"},{\"@type\":\"ListItem\",\"position\":2,\"name\":\"Software\"}]}]}<\/script>\n<!-- \/ Yoast SEO plugin. -->","yoast_head_json":{"title":"Software - ecambria systems GmbH","description":"Als Standardsoftware bieten wir in der eigenen Projektpraxis gereifte und bew\u00e4hrte Softwarekomponenten und Anwendungen an, mit denen Sie typische Herausforderungen im Bereich \"Compliance\" schnell, kosteng\u00fcnstig und effektiv l\u00f6sen k\u00f6nnen.","robots":{"index":"index","follow":"follow","max-snippet":"max-snippet:-1","max-image-preview":"max-image-preview:large","max-video-preview":"max-video-preview:-1"},"canonical":"https:\/\/www.ecambria-systems.com\/compliance-by-design\/software\/","og_locale":"de_DE","og_type":"article","og_title":"Software - ecambria systems GmbH","og_description":"Als Standardsoftware bieten wir in der eigenen Projektpraxis gereifte und bew\u00e4hrte Softwarekomponenten und Anwendungen an, mit denen Sie typische Herausforderungen im Bereich \"Compliance\" schnell, kosteng\u00fcnstig und effektiv l\u00f6sen k\u00f6nnen.","og_url":"https:\/\/www.ecambria-systems.com\/compliance-by-design\/software\/","og_site_name":"ecambria systems GmbH","article_modified_time":"2018-08-08T15:16:35+00:00","twitter_card":"summary","twitter_misc":{"Gesch\u00e4tzte Lesezeit":"1\u00a0Minute"},"schema":{"@context":"https:\/\/schema.org","@graph":[{"@type":"WebSite","@id":"https:\/\/www.ecambria-systems.com\/compliance-by-design\/#website","url":"https:\/\/www.ecambria-systems.com\/compliance-by-design\/","name":"ecambria systems GmbH","description":"Software, Consulting, Expertise","potentialAction":[{"@type":"SearchAction","target":{"@type":"EntryPoint","urlTemplate":"https:\/\/www.ecambria-systems.com\/compliance-by-design\/?s={search_term_string}"},"query-input":"required name=search_term_string"}],"inLanguage":"de"},{"@type":"WebPage","@id":"https:\/\/www.ecambria-systems.com\/compliance-by-design\/software\/#webpage","url":"https:\/\/www.ecambria-systems.com\/compliance-by-design\/software\/","name":"Software - ecambria systems GmbH","isPartOf":{"@id":"https:\/\/www.ecambria-systems.com\/compliance-by-design\/#website"},"datePublished":"2017-08-21T15:33:08+00:00","dateModified":"2018-08-08T15:16:35+00:00","description":"Als Standardsoftware bieten wir in der eigenen Projektpraxis gereifte und bew\u00e4hrte Softwarekomponenten und Anwendungen an, mit denen Sie typische Herausforderungen im Bereich \"Compliance\" schnell, kosteng\u00fcnstig und effektiv l\u00f6sen k\u00f6nnen.","breadcrumb":{"@id":"https:\/\/www.ecambria-systems.com\/compliance-by-design\/software\/#breadcrumb"},"inLanguage":"de","potentialAction":[{"@type":"ReadAction","target":["https:\/\/www.ecambria-systems.com\/compliance-by-design\/software\/"]}]},{"@type":"BreadcrumbList","@id":"https:\/\/www.ecambria-systems.com\/compliance-by-design\/software\/#breadcrumb","itemListElement":[{"@type":"ListItem","position":1,"name":"Startseite","item":"https:\/\/www.ecambria-systems.com\/compliance-by-design\/"},{"@type":"ListItem","position":2,"name":"Software"}]}]}},"_links":{"self":[{"href":"https:\/\/www.ecambria-systems.com\/compliance-by-design\/wp-json\/wp\/v2\/pages\/118"}],"collection":[{"href":"https:\/\/www.ecambria-systems.com\/compliance-by-design\/wp-json\/wp\/v2\/pages"}],"about":[{"href":"https:\/\/www.ecambria-systems.com\/compliance-by-design\/wp-json\/wp\/v2\/types\/page"}],"author":[{"embeddable":true,"href":"https:\/\/www.ecambria-systems.com\/compliance-by-design\/wp-json\/wp\/v2\/users\/3"}],"replies":[{"embeddable":true,"href":"https:\/\/www.ecambria-systems.com\/compliance-by-design\/wp-json\/wp\/v2\/comments?post=118"}],"version-history":[{"count":5,"href":"https:\/\/www.ecambria-systems.com\/compliance-by-design\/wp-json\/wp\/v2\/pages\/118\/revisions"}],"predecessor-version":[{"id":620,"href":"https:\/\/www.ecambria-systems.com\/compliance-by-design\/wp-json\/wp\/v2\/pages\/118\/revisions\/620"}],"wp:attachment":[{"href":"https:\/\/www.ecambria-systems.com\/compliance-by-design\/wp-json\/wp\/v2\/media?parent=118"}],"curies":[{"name":"wp","href":"https:\/\/api.w.org\/{rel}","templated":true}]}}