{"id":122,"date":"2017-08-21T15:32:34","date_gmt":"2017-08-21T15:32:34","guid":{"rendered":"http:\/\/www.ecambria-systems.com\/compliance-by-design\/?page_id=122"},"modified":"2019-04-04T14:14:17","modified_gmt":"2019-04-04T14:14:17","slug":"seminare","status":"publish","type":"page","link":"https:\/\/www.ecambria-systems.com\/compliance-by-design\/seminare\/","title":{"rendered":"Seminare"},"content":{"rendered":"<p>Wir bieten durchgehend ein Seminarprogramm zu aktuellen Themen an der Schnittstelle zwischen Informatik, Recht und Betriebswirtschaft an. Zielgruppen sind Juristen, Informatiker sowie Fach- und F\u00fchrungskr\u00e4fte in IT-intensiven Branchen oder Sparten.<\/p>\n<p>Die meisten Seminare bieten wir \u00fcber renommierte Seminaranbieter und oft in Kooperation mit f\u00fchrenden Juristen des jeweiligen Rechtsbereichs an. Hier geh\u00f6ren unter anderem die<a href=\"https:\/\/www.anwaltakademie.de\/\"><strong>\u00a0DeutscheAnwaltAkademie <\/strong><\/a>und der <strong><a href=\"https:\/\/buj-web.de\/\">Bundesverband der Unternehmensjuristen<\/a><\/strong> zu unseren Partner.<strong><br \/>\n<\/strong><\/p>\n","protected":false},"excerpt":{"rendered":"<p>Wir bieten durchgehend ein Seminarprogramm zu aktuellen Themen an der Schnittstelle zwischen Informatik, Recht und Betriebswirtschaft an. Zielgruppen sind Juristen, Informatiker sowie Fach- und F\u00fchrungskr\u00e4fte in IT-intensiven Branchen oder Sparten. Die meisten Seminare bieten wir \u00fcber renommierte Seminaranbieter und oft in Kooperation mit f\u00fchrenden Juristen des jeweiligen Rechtsbereichs an. Hier&#8230;<\/p>\n","protected":false},"author":3,"featured_media":0,"parent":0,"menu_order":0,"comment_status":"closed","ping_status":"closed","template":"page-templates\/front-page.php","meta":[],"yoast_head":"<!-- This site is optimized with the Yoast SEO plugin v18.3 - https:\/\/yoast.com\/wordpress\/plugins\/seo\/ -->\n<title>Seminare - ecambria systems GmbH<\/title>\n<meta name=\"description\" content=\"Die meisten Seminare bieten wir \u00fcber renommierte Seminaranbieter und oft in Kooperation mit f\u00fchrenden Juristen in diesem Bereich an. Unsere Partner sind hier unter anderem die DeutscheAnwaltAkademie und der Bundesverband der Unternehmensjuristen.\" \/>\n<meta name=\"robots\" content=\"index, follow, max-snippet:-1, max-image-preview:large, max-video-preview:-1\" \/>\n<link rel=\"canonical\" href=\"https:\/\/www.ecambria-systems.com\/compliance-by-design\/seminare\/\" \/>\n<meta property=\"og:locale\" content=\"de_DE\" \/>\n<meta property=\"og:type\" content=\"article\" \/>\n<meta property=\"og:title\" content=\"Seminare - ecambria systems GmbH\" \/>\n<meta property=\"og:description\" content=\"Die meisten Seminare bieten wir \u00fcber renommierte Seminaranbieter und oft in Kooperation mit f\u00fchrenden Juristen in diesem Bereich an. Unsere Partner sind hier unter anderem die DeutscheAnwaltAkademie und der Bundesverband der Unternehmensjuristen.\" \/>\n<meta property=\"og:url\" content=\"https:\/\/www.ecambria-systems.com\/compliance-by-design\/seminare\/\" \/>\n<meta property=\"og:site_name\" content=\"ecambria systems GmbH\" \/>\n<meta property=\"article:modified_time\" content=\"2019-04-04T14:14:17+00:00\" \/>\n<meta name=\"twitter:card\" content=\"summary\" \/>\n<script type=\"application\/ld+json\" class=\"yoast-schema-graph\">{\"@context\":\"https:\/\/schema.org\",\"@graph\":[{\"@type\":\"WebSite\",\"@id\":\"https:\/\/www.ecambria-systems.com\/compliance-by-design\/#website\",\"url\":\"https:\/\/www.ecambria-systems.com\/compliance-by-design\/\",\"name\":\"ecambria systems GmbH\",\"description\":\"Software, Consulting, Expertise\",\"potentialAction\":[{\"@type\":\"SearchAction\",\"target\":{\"@type\":\"EntryPoint\",\"urlTemplate\":\"https:\/\/www.ecambria-systems.com\/compliance-by-design\/?s={search_term_string}\"},\"query-input\":\"required name=search_term_string\"}],\"inLanguage\":\"de\"},{\"@type\":\"WebPage\",\"@id\":\"https:\/\/www.ecambria-systems.com\/compliance-by-design\/seminare\/#webpage\",\"url\":\"https:\/\/www.ecambria-systems.com\/compliance-by-design\/seminare\/\",\"name\":\"Seminare - ecambria systems GmbH\",\"isPartOf\":{\"@id\":\"https:\/\/www.ecambria-systems.com\/compliance-by-design\/#website\"},\"datePublished\":\"2017-08-21T15:32:34+00:00\",\"dateModified\":\"2019-04-04T14:14:17+00:00\",\"description\":\"Die meisten Seminare bieten wir \u00fcber renommierte Seminaranbieter und oft in Kooperation mit f\u00fchrenden Juristen in diesem Bereich an. Unsere Partner sind hier unter anderem die DeutscheAnwaltAkademie und der Bundesverband der Unternehmensjuristen.\",\"breadcrumb\":{\"@id\":\"https:\/\/www.ecambria-systems.com\/compliance-by-design\/seminare\/#breadcrumb\"},\"inLanguage\":\"de\",\"potentialAction\":[{\"@type\":\"ReadAction\",\"target\":[\"https:\/\/www.ecambria-systems.com\/compliance-by-design\/seminare\/\"]}]},{\"@type\":\"BreadcrumbList\",\"@id\":\"https:\/\/www.ecambria-systems.com\/compliance-by-design\/seminare\/#breadcrumb\",\"itemListElement\":[{\"@type\":\"ListItem\",\"position\":1,\"name\":\"Startseite\",\"item\":\"https:\/\/www.ecambria-systems.com\/compliance-by-design\/\"},{\"@type\":\"ListItem\",\"position\":2,\"name\":\"Seminare\"}]}]}<\/script>\n<!-- \/ Yoast SEO plugin. -->","yoast_head_json":{"title":"Seminare - ecambria systems GmbH","description":"Die meisten Seminare bieten wir \u00fcber renommierte Seminaranbieter und oft in Kooperation mit f\u00fchrenden Juristen in diesem Bereich an. Unsere Partner sind hier unter anderem die DeutscheAnwaltAkademie und der Bundesverband der Unternehmensjuristen.","robots":{"index":"index","follow":"follow","max-snippet":"max-snippet:-1","max-image-preview":"max-image-preview:large","max-video-preview":"max-video-preview:-1"},"canonical":"https:\/\/www.ecambria-systems.com\/compliance-by-design\/seminare\/","og_locale":"de_DE","og_type":"article","og_title":"Seminare - ecambria systems GmbH","og_description":"Die meisten Seminare bieten wir \u00fcber renommierte Seminaranbieter und oft in Kooperation mit f\u00fchrenden Juristen in diesem Bereich an. Unsere Partner sind hier unter anderem die DeutscheAnwaltAkademie und der Bundesverband der Unternehmensjuristen.","og_url":"https:\/\/www.ecambria-systems.com\/compliance-by-design\/seminare\/","og_site_name":"ecambria systems GmbH","article_modified_time":"2019-04-04T14:14:17+00:00","twitter_card":"summary","schema":{"@context":"https:\/\/schema.org","@graph":[{"@type":"WebSite","@id":"https:\/\/www.ecambria-systems.com\/compliance-by-design\/#website","url":"https:\/\/www.ecambria-systems.com\/compliance-by-design\/","name":"ecambria systems GmbH","description":"Software, Consulting, Expertise","potentialAction":[{"@type":"SearchAction","target":{"@type":"EntryPoint","urlTemplate":"https:\/\/www.ecambria-systems.com\/compliance-by-design\/?s={search_term_string}"},"query-input":"required name=search_term_string"}],"inLanguage":"de"},{"@type":"WebPage","@id":"https:\/\/www.ecambria-systems.com\/compliance-by-design\/seminare\/#webpage","url":"https:\/\/www.ecambria-systems.com\/compliance-by-design\/seminare\/","name":"Seminare - ecambria systems GmbH","isPartOf":{"@id":"https:\/\/www.ecambria-systems.com\/compliance-by-design\/#website"},"datePublished":"2017-08-21T15:32:34+00:00","dateModified":"2019-04-04T14:14:17+00:00","description":"Die meisten Seminare bieten wir \u00fcber renommierte Seminaranbieter und oft in Kooperation mit f\u00fchrenden Juristen in diesem Bereich an. Unsere Partner sind hier unter anderem die DeutscheAnwaltAkademie und der Bundesverband der Unternehmensjuristen.","breadcrumb":{"@id":"https:\/\/www.ecambria-systems.com\/compliance-by-design\/seminare\/#breadcrumb"},"inLanguage":"de","potentialAction":[{"@type":"ReadAction","target":["https:\/\/www.ecambria-systems.com\/compliance-by-design\/seminare\/"]}]},{"@type":"BreadcrumbList","@id":"https:\/\/www.ecambria-systems.com\/compliance-by-design\/seminare\/#breadcrumb","itemListElement":[{"@type":"ListItem","position":1,"name":"Startseite","item":"https:\/\/www.ecambria-systems.com\/compliance-by-design\/"},{"@type":"ListItem","position":2,"name":"Seminare"}]}]}},"_links":{"self":[{"href":"https:\/\/www.ecambria-systems.com\/compliance-by-design\/wp-json\/wp\/v2\/pages\/122"}],"collection":[{"href":"https:\/\/www.ecambria-systems.com\/compliance-by-design\/wp-json\/wp\/v2\/pages"}],"about":[{"href":"https:\/\/www.ecambria-systems.com\/compliance-by-design\/wp-json\/wp\/v2\/types\/page"}],"author":[{"embeddable":true,"href":"https:\/\/www.ecambria-systems.com\/compliance-by-design\/wp-json\/wp\/v2\/users\/3"}],"replies":[{"embeddable":true,"href":"https:\/\/www.ecambria-systems.com\/compliance-by-design\/wp-json\/wp\/v2\/comments?post=122"}],"version-history":[{"count":6,"href":"https:\/\/www.ecambria-systems.com\/compliance-by-design\/wp-json\/wp\/v2\/pages\/122\/revisions"}],"predecessor-version":[{"id":635,"href":"https:\/\/www.ecambria-systems.com\/compliance-by-design\/wp-json\/wp\/v2\/pages\/122\/revisions\/635"}],"wp:attachment":[{"href":"https:\/\/www.ecambria-systems.com\/compliance-by-design\/wp-json\/wp\/v2\/media?parent=122"}],"curies":[{"name":"wp","href":"https:\/\/api.w.org\/{rel}","templated":true}]}}