{"id":14,"date":"2017-08-21T15:32:21","date_gmt":"2017-08-21T15:32:21","guid":{"rendered":"http:\/\/www.ecambria-systems.com\/compliance-by-design\/?page_id=14"},"modified":"2018-08-08T15:14:50","modified_gmt":"2018-08-08T15:14:50","slug":"consulting","status":"publish","type":"page","link":"https:\/\/www.ecambria-systems.com\/compliance-by-design\/consulting\/","title":{"rendered":"Consulting"},"content":{"rendered":"<p>Als Berater stellen wir Ihnen unser langj\u00e4hriges Expertenwissen zu allen Themen an der Schnittstelle zwischen Informatik, Recht und Betriebswirtschaft zur Verf\u00fcgung. Konkret beraten und unterst\u00fctzen wir Sie in folgenden Bereichen:<\/p>\n<ul>\n<li><strong>Gestaltung von regelkonformer Informationsverarbeitung<\/strong> in regulierten Branchen, insbesondere unter Ber\u00fccksichtigung datenschutz- und kartellrechtlicher Vorgaben<\/li>\n<li><strong>Umsetzung innovativer daten- und algorithmengest\u00fctzter Gesch\u00e4ftsmodelle<\/strong>, auch unter Verwendung von kryptografischen Verfahren (Verschl\u00fcsselung, Signaturen, Blockchain) und Methoden der k\u00fcnstlichen Intelligenz<\/li>\n<li><strong>Entwicklung anpassbarer Software und Standardsoftware<\/strong> unter Ber\u00fccksichtigung variabler und diversifizierter Anforderungen und rechtlicher Vorgaben<\/li>\n<\/ul>\n<p>Im Bereich Consulting arbeiten wir bei renommierten Unternehmen eng mit internen Mitarbeitern, der Rechtsabteilung und ggf. externen Beratern zusammen.<\/p>\n<p>Bei Start-ups oder innovativen Ausgr\u00fcndungen \u00fcbernehmen wir in Einzelf\u00e4llen \u2013 wenn wir vom Gesch\u00e4ftsmodell \u00fcberzeugt sind \u2013 auch als Mitgesellschafter unternehmerische Verantwortung.<\/p>\n","protected":false},"excerpt":{"rendered":"<p>Als Berater stellen wir Ihnen unser langj\u00e4hriges Expertenwissen zu allen Themen an der Schnittstelle zwischen Informatik, Recht und Betriebswirtschaft zur Verf\u00fcgung. Konkret beraten und unterst\u00fctzen wir Sie in folgenden Bereichen: Gestaltung von regelkonformer Informationsverarbeitung in regulierten Branchen, insbesondere unter Ber\u00fccksichtigung datenschutz- und kartellrechtlicher Vorgaben Umsetzung innovativer daten- und algorithmengest\u00fctzter Gesch\u00e4ftsmodelle,&#8230;<\/p>\n","protected":false},"author":3,"featured_media":0,"parent":0,"menu_order":0,"comment_status":"closed","ping_status":"open","template":"page-templates\/front-page.php","meta":[],"yoast_head":"<!-- This site is optimized with the Yoast SEO plugin v18.3 - https:\/\/yoast.com\/wordpress\/plugins\/seo\/ -->\n<title>Consulting - ecambria systems GmbH<\/title>\n<meta name=\"description\" content=\"Wir unterst\u00fctzen Sie dabei, Ihre IT-Systeme und Gesch\u00e4ftsprozesse technisch so zu gestalten, dass Compliance- Vorgaben eingehalten werden.\" \/>\n<meta name=\"robots\" content=\"index, follow, max-snippet:-1, max-image-preview:large, max-video-preview:-1\" \/>\n<link rel=\"canonical\" href=\"https:\/\/www.ecambria-systems.com\/compliance-by-design\/consulting\/\" \/>\n<meta property=\"og:locale\" content=\"de_DE\" \/>\n<meta property=\"og:type\" content=\"article\" \/>\n<meta property=\"og:title\" content=\"Consulting - ecambria systems GmbH\" \/>\n<meta property=\"og:description\" content=\"Wir unterst\u00fctzen Sie dabei, Ihre IT-Systeme und Gesch\u00e4ftsprozesse technisch so zu gestalten, dass Compliance- Vorgaben eingehalten werden.\" \/>\n<meta property=\"og:url\" content=\"https:\/\/www.ecambria-systems.com\/compliance-by-design\/consulting\/\" \/>\n<meta property=\"og:site_name\" content=\"ecambria systems GmbH\" \/>\n<meta property=\"article:modified_time\" content=\"2018-08-08T15:14:50+00:00\" \/>\n<meta name=\"twitter:card\" content=\"summary\" \/>\n<meta name=\"twitter:label1\" content=\"Gesch\u00e4tzte Lesezeit\" \/>\n\t<meta name=\"twitter:data1\" content=\"1\u00a0Minute\" \/>\n<script type=\"application\/ld+json\" class=\"yoast-schema-graph\">{\"@context\":\"https:\/\/schema.org\",\"@graph\":[{\"@type\":\"WebSite\",\"@id\":\"https:\/\/www.ecambria-systems.com\/compliance-by-design\/#website\",\"url\":\"https:\/\/www.ecambria-systems.com\/compliance-by-design\/\",\"name\":\"ecambria systems GmbH\",\"description\":\"Software, Consulting, Expertise\",\"potentialAction\":[{\"@type\":\"SearchAction\",\"target\":{\"@type\":\"EntryPoint\",\"urlTemplate\":\"https:\/\/www.ecambria-systems.com\/compliance-by-design\/?s={search_term_string}\"},\"query-input\":\"required name=search_term_string\"}],\"inLanguage\":\"de\"},{\"@type\":\"WebPage\",\"@id\":\"https:\/\/www.ecambria-systems.com\/compliance-by-design\/consulting\/#webpage\",\"url\":\"https:\/\/www.ecambria-systems.com\/compliance-by-design\/consulting\/\",\"name\":\"Consulting - ecambria systems GmbH\",\"isPartOf\":{\"@id\":\"https:\/\/www.ecambria-systems.com\/compliance-by-design\/#website\"},\"datePublished\":\"2017-08-21T15:32:21+00:00\",\"dateModified\":\"2018-08-08T15:14:50+00:00\",\"description\":\"Wir unterst\u00fctzen Sie dabei, Ihre IT-Systeme und Gesch\u00e4ftsprozesse technisch so zu gestalten, dass Compliance- Vorgaben eingehalten werden.\",\"breadcrumb\":{\"@id\":\"https:\/\/www.ecambria-systems.com\/compliance-by-design\/consulting\/#breadcrumb\"},\"inLanguage\":\"de\",\"potentialAction\":[{\"@type\":\"ReadAction\",\"target\":[\"https:\/\/www.ecambria-systems.com\/compliance-by-design\/consulting\/\"]}]},{\"@type\":\"BreadcrumbList\",\"@id\":\"https:\/\/www.ecambria-systems.com\/compliance-by-design\/consulting\/#breadcrumb\",\"itemListElement\":[{\"@type\":\"ListItem\",\"position\":1,\"name\":\"Startseite\",\"item\":\"https:\/\/www.ecambria-systems.com\/compliance-by-design\/\"},{\"@type\":\"ListItem\",\"position\":2,\"name\":\"Consulting\"}]}]}<\/script>\n<!-- \/ Yoast SEO plugin. -->","yoast_head_json":{"title":"Consulting - ecambria systems GmbH","description":"Wir unterst\u00fctzen Sie dabei, Ihre IT-Systeme und Gesch\u00e4ftsprozesse technisch so zu gestalten, dass Compliance- Vorgaben eingehalten werden.","robots":{"index":"index","follow":"follow","max-snippet":"max-snippet:-1","max-image-preview":"max-image-preview:large","max-video-preview":"max-video-preview:-1"},"canonical":"https:\/\/www.ecambria-systems.com\/compliance-by-design\/consulting\/","og_locale":"de_DE","og_type":"article","og_title":"Consulting - ecambria systems GmbH","og_description":"Wir unterst\u00fctzen Sie dabei, Ihre IT-Systeme und Gesch\u00e4ftsprozesse technisch so zu gestalten, dass Compliance- Vorgaben eingehalten werden.","og_url":"https:\/\/www.ecambria-systems.com\/compliance-by-design\/consulting\/","og_site_name":"ecambria systems GmbH","article_modified_time":"2018-08-08T15:14:50+00:00","twitter_card":"summary","twitter_misc":{"Gesch\u00e4tzte Lesezeit":"1\u00a0Minute"},"schema":{"@context":"https:\/\/schema.org","@graph":[{"@type":"WebSite","@id":"https:\/\/www.ecambria-systems.com\/compliance-by-design\/#website","url":"https:\/\/www.ecambria-systems.com\/compliance-by-design\/","name":"ecambria systems GmbH","description":"Software, Consulting, Expertise","potentialAction":[{"@type":"SearchAction","target":{"@type":"EntryPoint","urlTemplate":"https:\/\/www.ecambria-systems.com\/compliance-by-design\/?s={search_term_string}"},"query-input":"required name=search_term_string"}],"inLanguage":"de"},{"@type":"WebPage","@id":"https:\/\/www.ecambria-systems.com\/compliance-by-design\/consulting\/#webpage","url":"https:\/\/www.ecambria-systems.com\/compliance-by-design\/consulting\/","name":"Consulting - ecambria systems GmbH","isPartOf":{"@id":"https:\/\/www.ecambria-systems.com\/compliance-by-design\/#website"},"datePublished":"2017-08-21T15:32:21+00:00","dateModified":"2018-08-08T15:14:50+00:00","description":"Wir unterst\u00fctzen Sie dabei, Ihre IT-Systeme und Gesch\u00e4ftsprozesse technisch so zu gestalten, dass Compliance- Vorgaben eingehalten werden.","breadcrumb":{"@id":"https:\/\/www.ecambria-systems.com\/compliance-by-design\/consulting\/#breadcrumb"},"inLanguage":"de","potentialAction":[{"@type":"ReadAction","target":["https:\/\/www.ecambria-systems.com\/compliance-by-design\/consulting\/"]}]},{"@type":"BreadcrumbList","@id":"https:\/\/www.ecambria-systems.com\/compliance-by-design\/consulting\/#breadcrumb","itemListElement":[{"@type":"ListItem","position":1,"name":"Startseite","item":"https:\/\/www.ecambria-systems.com\/compliance-by-design\/"},{"@type":"ListItem","position":2,"name":"Consulting"}]}]}},"_links":{"self":[{"href":"https:\/\/www.ecambria-systems.com\/compliance-by-design\/wp-json\/wp\/v2\/pages\/14"}],"collection":[{"href":"https:\/\/www.ecambria-systems.com\/compliance-by-design\/wp-json\/wp\/v2\/pages"}],"about":[{"href":"https:\/\/www.ecambria-systems.com\/compliance-by-design\/wp-json\/wp\/v2\/types\/page"}],"author":[{"embeddable":true,"href":"https:\/\/www.ecambria-systems.com\/compliance-by-design\/wp-json\/wp\/v2\/users\/3"}],"replies":[{"embeddable":true,"href":"https:\/\/www.ecambria-systems.com\/compliance-by-design\/wp-json\/wp\/v2\/comments?post=14"}],"version-history":[{"count":21,"href":"https:\/\/www.ecambria-systems.com\/compliance-by-design\/wp-json\/wp\/v2\/pages\/14\/revisions"}],"predecessor-version":[{"id":619,"href":"https:\/\/www.ecambria-systems.com\/compliance-by-design\/wp-json\/wp\/v2\/pages\/14\/revisions\/619"}],"wp:attachment":[{"href":"https:\/\/www.ecambria-systems.com\/compliance-by-design\/wp-json\/wp\/v2\/media?parent=14"}],"curies":[{"name":"wp","href":"https:\/\/api.w.org\/{rel}","templated":true}]}}