{"id":26,"date":"2017-07-20T13:18:11","date_gmt":"2017-07-20T13:18:11","guid":{"rendered":"http:\/\/www.ecambria-systems.com\/compliance-by-design\/?page_id=26"},"modified":"2018-08-08T15:14:16","modified_gmt":"2018-08-08T15:14:16","slug":"compliance-by-design-2","status":"publish","type":"page","link":"https:\/\/www.ecambria-systems.com\/compliance-by-design\/","title":{"rendered":"Compliance by Design"},"content":{"rendered":"<p>Die Digitalisierung ver\u00e4ndert Leben und Arbeiten so tiefgreifend, dass zunehmend strengere rechtliche Rahmenbedingungen geschaffen werden, um die rasante technische Entwicklung f\u00fcr Mensch und Gesellschaft in sinnvolle Bahnen zu lenken.<br \/>\nAus diesem Grund stehen Anbieter und Anwender von Informationstechnologie bei der Gestaltung von Software vor der gro\u00dfen Herausforderung, neben den angestrebten wirtschaftlichen Zielen eine stark wachsende Menge rechtlicher Regelwerke ber\u00fccksichtigen zu m\u00fcssen.<\/p>\n<p>Die ecambria systems GmbH bietet Ihnen als Kunden ein umfassendes Spektrum an Dienstleistungen und Produkten, mit denen Sie Ihre Informationsverarbeitung den rechtlichen wie wirtschaftlichen Anforderungen entsprechend gestalten. Das ist \u201e<em>Compliance by Design<\/em>\u201c in allen Facetten:<\/p>\n<ul>\n<li><a href=\"http:\/\/www.ecambria-systems.com\/compliance-by-design\/consulting\/\"><strong>Planungs- und Designdienstleistungen<\/strong><\/a> zur rechtskonformen Gestaltung von Systemen und Prozessen der Informationsverarbeitung.<\/li>\n<li><a href=\"http:\/\/www.ecambria-systems.com\/compliance-by-design\/software\/\"><strong>Kryptografische Softwarekomponenten<\/strong><\/a> f\u00fcr sicheres Identit\u00e4tsmanagement, Pseudonymisierung, Anonymisierung und kontaktloses L\u00f6schen.<\/li>\n<li><a href=\"http:\/\/escrow.ecambria-experts.de\/\"><strong>Treuh\u00e4nder-L\u00f6sungen (<em>escrow<\/em>) <\/strong><\/a>f\u00fcr unternehmenskritische Software und Daten \u2013 im Rahmen des Risikomanagements und zur Einhaltung von kartell- und datenschutzrechtlichen Vorgaben<\/li>\n<li><a href=\"http:\/\/www.ecambria-systems.com\/compliance-by-design\/seminare\/\"><strong>Seminare und Schulungen<\/strong><\/a> (auch inhouse) zur gezielten Weiterbildung von Mitarbeitern an den Schnittstellen zwischen Informatik, Recht und Wirtschaft<\/li>\n<\/ul>\n<p>Streng getrennt von diesen Leistungen bietet der Gesch\u00e4ftsbereich ecambria experts f\u00fcr Unternehmen, Gerichte, Anw\u00e4lte, Versicherungen und \u00f6ffentliche Auftraggeber<\/p>\n<ul>\n<li><a href=\"https:\/\/www.ecambria-systems.com\/compliance-by-design\/audits-2\/\"><strong>IT-Sachverst\u00e4ndigen- und Gutachterleistungen<\/strong><\/a> zu allen Fragen der Informationsverarbeitung.<\/li>\n<\/ul>\n","protected":false},"excerpt":{"rendered":"<p>Die Digitalisierung ver\u00e4ndert Leben und Arbeiten so tiefgreifend, dass zunehmend strengere rechtliche Rahmenbedingungen geschaffen werden, um die rasante technische Entwicklung f\u00fcr Mensch und Gesellschaft in sinnvolle Bahnen zu lenken. Aus diesem Grund stehen Anbieter und Anwender von Informationstechnologie bei der Gestaltung von Software vor der gro\u00dfen Herausforderung, neben den angestrebten&#8230;<\/p>\n","protected":false},"author":3,"featured_media":0,"parent":0,"menu_order":0,"comment_status":"closed","ping_status":"open","template":"page-templates\/front-page.php","meta":[],"yoast_head":"<!-- This site is optimized with the Yoast SEO plugin v18.3 - https:\/\/yoast.com\/wordpress\/plugins\/seo\/ -->\n<title>Compliance by Design - ecambria systems GmbH<\/title>\n<meta name=\"description\" content=\"Die ecambria systems GmbH bietet ihren Kunden ein umfassendes Spektrum an Dienstleistungen und Produkten, um Informationsverarbeitung entsprechend rechtlicher und wirtschaftlicher Anforderungen zu gestalten. Das ist &#039;Compliance by Design&#039; in allen Facetten.\" \/>\n<meta name=\"robots\" content=\"index, follow, max-snippet:-1, max-image-preview:large, max-video-preview:-1\" \/>\n<link rel=\"canonical\" href=\"https:\/\/www.ecambria-systems.com\/compliance-by-design\/\" \/>\n<meta property=\"og:locale\" content=\"de_DE\" \/>\n<meta property=\"og:type\" content=\"article\" \/>\n<meta property=\"og:title\" content=\"Compliance by Design - ecambria systems GmbH\" \/>\n<meta property=\"og:description\" content=\"Die ecambria systems GmbH bietet ihren Kunden ein umfassendes Spektrum an Dienstleistungen und Produkten, um Informationsverarbeitung entsprechend rechtlicher und wirtschaftlicher Anforderungen zu gestalten. Das ist &#039;Compliance by Design&#039; in allen Facetten.\" \/>\n<meta property=\"og:url\" content=\"https:\/\/www.ecambria-systems.com\/compliance-by-design\/\" \/>\n<meta property=\"og:site_name\" content=\"ecambria systems GmbH\" \/>\n<meta property=\"article:modified_time\" content=\"2018-08-08T15:14:16+00:00\" \/>\n<meta name=\"twitter:card\" content=\"summary\" \/>\n<meta name=\"twitter:label1\" content=\"Gesch\u00e4tzte Lesezeit\" \/>\n\t<meta name=\"twitter:data1\" content=\"1\u00a0Minute\" \/>\n<script type=\"application\/ld+json\" class=\"yoast-schema-graph\">{\"@context\":\"https:\/\/schema.org\",\"@graph\":[{\"@type\":\"WebSite\",\"@id\":\"https:\/\/www.ecambria-systems.com\/compliance-by-design\/#website\",\"url\":\"https:\/\/www.ecambria-systems.com\/compliance-by-design\/\",\"name\":\"ecambria systems GmbH\",\"description\":\"Software, Consulting, Expertise\",\"potentialAction\":[{\"@type\":\"SearchAction\",\"target\":{\"@type\":\"EntryPoint\",\"urlTemplate\":\"https:\/\/www.ecambria-systems.com\/compliance-by-design\/?s={search_term_string}\"},\"query-input\":\"required name=search_term_string\"}],\"inLanguage\":\"de\"},{\"@type\":\"WebPage\",\"@id\":\"https:\/\/www.ecambria-systems.com\/compliance-by-design\/#webpage\",\"url\":\"https:\/\/www.ecambria-systems.com\/compliance-by-design\/\",\"name\":\"Compliance by Design - ecambria systems GmbH\",\"isPartOf\":{\"@id\":\"https:\/\/www.ecambria-systems.com\/compliance-by-design\/#website\"},\"datePublished\":\"2017-07-20T13:18:11+00:00\",\"dateModified\":\"2018-08-08T15:14:16+00:00\",\"description\":\"Die ecambria systems GmbH bietet ihren Kunden ein umfassendes Spektrum an Dienstleistungen und Produkten, um Informationsverarbeitung entsprechend rechtlicher und wirtschaftlicher Anforderungen zu gestalten. Das ist 'Compliance by Design' in allen Facetten.\",\"breadcrumb\":{\"@id\":\"https:\/\/www.ecambria-systems.com\/compliance-by-design\/#breadcrumb\"},\"inLanguage\":\"de\",\"potentialAction\":[{\"@type\":\"ReadAction\",\"target\":[\"https:\/\/www.ecambria-systems.com\/compliance-by-design\/\"]}]},{\"@type\":\"BreadcrumbList\",\"@id\":\"https:\/\/www.ecambria-systems.com\/compliance-by-design\/#breadcrumb\",\"itemListElement\":[{\"@type\":\"ListItem\",\"position\":1,\"name\":\"Startseite\",\"item\":\"https:\/\/www.ecambria-systems.com\/compliance-by-design\/\"},{\"@type\":\"ListItem\",\"position\":2,\"name\":\"Compliance by Design\"}]}]}<\/script>\n<!-- \/ Yoast SEO plugin. -->","yoast_head_json":{"title":"Compliance by Design - ecambria systems GmbH","description":"Die ecambria systems GmbH bietet ihren Kunden ein umfassendes Spektrum an Dienstleistungen und Produkten, um Informationsverarbeitung entsprechend rechtlicher und wirtschaftlicher Anforderungen zu gestalten. Das ist 'Compliance by Design' in allen Facetten.","robots":{"index":"index","follow":"follow","max-snippet":"max-snippet:-1","max-image-preview":"max-image-preview:large","max-video-preview":"max-video-preview:-1"},"canonical":"https:\/\/www.ecambria-systems.com\/compliance-by-design\/","og_locale":"de_DE","og_type":"article","og_title":"Compliance by Design - ecambria systems GmbH","og_description":"Die ecambria systems GmbH bietet ihren Kunden ein umfassendes Spektrum an Dienstleistungen und Produkten, um Informationsverarbeitung entsprechend rechtlicher und wirtschaftlicher Anforderungen zu gestalten. Das ist 'Compliance by Design' in allen Facetten.","og_url":"https:\/\/www.ecambria-systems.com\/compliance-by-design\/","og_site_name":"ecambria systems GmbH","article_modified_time":"2018-08-08T15:14:16+00:00","twitter_card":"summary","twitter_misc":{"Gesch\u00e4tzte Lesezeit":"1\u00a0Minute"},"schema":{"@context":"https:\/\/schema.org","@graph":[{"@type":"WebSite","@id":"https:\/\/www.ecambria-systems.com\/compliance-by-design\/#website","url":"https:\/\/www.ecambria-systems.com\/compliance-by-design\/","name":"ecambria systems GmbH","description":"Software, Consulting, Expertise","potentialAction":[{"@type":"SearchAction","target":{"@type":"EntryPoint","urlTemplate":"https:\/\/www.ecambria-systems.com\/compliance-by-design\/?s={search_term_string}"},"query-input":"required name=search_term_string"}],"inLanguage":"de"},{"@type":"WebPage","@id":"https:\/\/www.ecambria-systems.com\/compliance-by-design\/#webpage","url":"https:\/\/www.ecambria-systems.com\/compliance-by-design\/","name":"Compliance by Design - ecambria systems GmbH","isPartOf":{"@id":"https:\/\/www.ecambria-systems.com\/compliance-by-design\/#website"},"datePublished":"2017-07-20T13:18:11+00:00","dateModified":"2018-08-08T15:14:16+00:00","description":"Die ecambria systems GmbH bietet ihren Kunden ein umfassendes Spektrum an Dienstleistungen und Produkten, um Informationsverarbeitung entsprechend rechtlicher und wirtschaftlicher Anforderungen zu gestalten. Das ist 'Compliance by Design' in allen Facetten.","breadcrumb":{"@id":"https:\/\/www.ecambria-systems.com\/compliance-by-design\/#breadcrumb"},"inLanguage":"de","potentialAction":[{"@type":"ReadAction","target":["https:\/\/www.ecambria-systems.com\/compliance-by-design\/"]}]},{"@type":"BreadcrumbList","@id":"https:\/\/www.ecambria-systems.com\/compliance-by-design\/#breadcrumb","itemListElement":[{"@type":"ListItem","position":1,"name":"Startseite","item":"https:\/\/www.ecambria-systems.com\/compliance-by-design\/"},{"@type":"ListItem","position":2,"name":"Compliance by Design"}]}]}},"_links":{"self":[{"href":"https:\/\/www.ecambria-systems.com\/compliance-by-design\/wp-json\/wp\/v2\/pages\/26"}],"collection":[{"href":"https:\/\/www.ecambria-systems.com\/compliance-by-design\/wp-json\/wp\/v2\/pages"}],"about":[{"href":"https:\/\/www.ecambria-systems.com\/compliance-by-design\/wp-json\/wp\/v2\/types\/page"}],"author":[{"embeddable":true,"href":"https:\/\/www.ecambria-systems.com\/compliance-by-design\/wp-json\/wp\/v2\/users\/3"}],"replies":[{"embeddable":true,"href":"https:\/\/www.ecambria-systems.com\/compliance-by-design\/wp-json\/wp\/v2\/comments?post=26"}],"version-history":[{"count":20,"href":"https:\/\/www.ecambria-systems.com\/compliance-by-design\/wp-json\/wp\/v2\/pages\/26\/revisions"}],"predecessor-version":[{"id":616,"href":"https:\/\/www.ecambria-systems.com\/compliance-by-design\/wp-json\/wp\/v2\/pages\/26\/revisions\/616"}],"wp:attachment":[{"href":"https:\/\/www.ecambria-systems.com\/compliance-by-design\/wp-json\/wp\/v2\/media?parent=26"}],"curies":[{"name":"wp","href":"https:\/\/api.w.org\/{rel}","templated":true}]}}