{"id":360,"date":"2018-05-02T18:33:50","date_gmt":"2018-05-02T18:33:50","guid":{"rendered":"http:\/\/www.ecambria-systems.com\/compliance-by-design\/?page_id=360"},"modified":"2020-07-07T13:16:52","modified_gmt":"2020-07-07T13:16:52","slug":"datenschutzerklaerung","status":"publish","type":"page","link":"https:\/\/www.ecambria-systems.com\/compliance-by-design\/datenschutzerklaerung\/","title":{"rendered":"Datenschutzerkl\u00e4rung"},"content":{"rendered":"<p>Wir freuen uns \u00fcber Ihr Interesse an unserem Online-Angebot. Nachfolgend erfahren Sie, welche personenbezogenen Daten bei der Nutzung unserer Online-Angebote<\/p>\n<ul>\n<li>www.ecambria-systems.com<\/li>\n<li>www.ecambria-experts.de<\/li>\n<li>escrow.ecambria-experts.de<\/li>\n<li>www.cryptotickets.com<\/li>\n<\/ul>\n<p>von uns erhoben werden und wie wir diese verarbeiten.<\/p>\n<p>Personenbezogene Daten sind solche Daten, die auf Sie pers\u00f6nlich beziehbar sind, z.B. Ihr Name, Ihre Anschrift oder Ihre E-Mail-Adresse. Wir weisen darauf hin, dass die Daten\u00fcbertragung im Internet (z.B. die Kommunikation per E-Mail) Sicherheitsl\u00fccken aufweisen kann und ein l\u00fcckenloser Schutz der Daten vor dem Zugriff durch Dritte daher nicht m\u00f6glich ist.<\/p>\n<p>Unsere Webseiten sind reine Informationswebseiten. Wir erfahren von Ihrem Besuch auf unseren Webseiten nur, wenn Sie ausdr\u00fccklich, z.B. per E-Mail oder Telefon, Kontakt mit uns aufnehmen und uns diesen Umstand mitteilen. Erst dann speichern wir Ihre Kontaktdaten, die Umst\u00e4nde der Kontaktaufnahme (Datum, Zeitpunkt, Kommunikationskanal), Ihren Namen, ggf. Ihre Firmenzugeh\u00f6rigkeit und Ihre Nachrichten an uns.\u00a0Diese Daten werden nur zur Bearbeitung Ihres Anliegens und gesetzlich vorgeschriebenen Zwecken verwendet, sowie im Rahmen der gesetzlichen Nachweis- und Aufbewahrungspflichten aufbewahrt. Wir geben diese Daten weder an Dritte weiter noch \u00fcbermitteln wir sie an Stellen in Drittl\u00e4ndern (in denen nicht das europ\u00e4ische Datenschutzniveau vorliegt).<\/p>\n<p><strong>Server-Logfiles<\/strong><\/p>\n<p>Unsere Server erheben Daten \u00fcber Zugriffe auf die Seite und speichern diese als \u201eServer-Logfiles\u201c ab. Folgende Daten werden so protokolliert:<\/p>\n<ul>\n<li>Besuchte Webseite<\/li>\n<li>Uhrzeit zum Zeitpunkt des Zugriffs<\/li>\n<li>Menge der gesendeten Daten in Byte<\/li>\n<li>Quelle\/Verweis, durch die\/den Sie auf die Seite gelangt sind<\/li>\n<li>Verwendeter Browser<\/li>\n<li>Verwendetes Betriebssystem<\/li>\n<li>Verwendete IP-Adresse (wird nach 7 Tagen anonymisiert)<\/li>\n<\/ul>\n<p>Die erhobenen Daten dienen lediglich statistischen Auswertungen und zur Verbesserung der Website. Wir behalten uns allerdings vor, die Server-Logfiles nachtr\u00e4glich zu \u00fcberpr\u00fcfen, sollten konkrete Anhaltspunkte auf eine rechtswidrige Nutzung hinweisen.<\/p>\n<p><strong>Cookies<\/strong><\/p>\n<p>Wir verwenden teilweise sogenannte Cookies. Cookies sind kleine Textdateien, die auf Ihrem Rechner abgelegt werden und die Ihr Browser speichert. Sie k\u00f6nnen selbst in den Einstellungen Ihres Browsers festlegen, ob er Cookies speichert oder diese beispielsweise nach Ende der Browsersitzung automatisch l\u00f6scht. Diese Webseite verwendet Cookies, die Ihr Nutzererlebnis verbessern sollen (z.B. Merken der bevorzugten Sprache) oder die technisch erforderlich sind.<\/p>\n<p><strong>Kontaktm\u00f6glichkeit<\/strong><\/p>\n<p>Wenn Sie Fragen zu unseren Webseiten und deren Funktionen haben, verwenden Sie bitte die angegebenen\u00a0<u><a href=\"https:\/\/www.ecambria-systems.com\/compliance-by-design\/kontakt\/\">Kontaktm\u00f6glichkeiten<\/a><\/u>.<\/p>\n<p><strong>Welche Rechte haben Sie?<\/strong><\/p>\n<p>Sie k\u00f6nnen unter der oben genannten Adresse (Kontaktm\u00f6glichkeit) der ecambria systems GmbH Auskunft \u00fcber die zu Ihrer Person gespeicherten Daten verlangen. Dar\u00fcber hinaus k\u00f6nnen Sie unter bestimmten Voraussetzungen die L\u00f6schung, die Berichtigung oder die Einschr\u00e4nkung der Verarbeitung dieser Daten verlangen.<\/p>\n<p>Sie haben zudem die M\u00f6glichkeit, sich mit einer Beschwerde an eine Datenschutzaufsichtsbeh\u00f6rde zu wenden, wenn Sie der Ansicht sind, dass ein Versto\u00df gegen datenschutzrechtliche Regelungen vorliegt.<\/p>\n<p>Die f\u00fcr uns zust\u00e4ndige Datenschutzaufsichtsbeh\u00f6rde ist:<\/p>\n<pre>Landesbeauftragte f\u00fcr Datenschutz und Informationsfreiheit Nordrhein-Westfalen\n\nKavalleriestra\u00dfe 2-4\n\n40213 D\u00fcsseldorf<\/pre>\n","protected":false},"excerpt":{"rendered":"<p>Wir freuen uns \u00fcber Ihr Interesse an unserem Online-Angebot. Nachfolgend erfahren Sie, welche personenbezogenen Daten bei der Nutzung unserer Online-Angebote www.ecambria-systems.com www.ecambria-experts.de escrow.ecambria-experts.de www.cryptotickets.com von uns erhoben werden und wie wir diese verarbeiten. Personenbezogene Daten sind solche Daten, die auf Sie pers\u00f6nlich beziehbar sind, z.B. Ihr Name, Ihre Anschrift oder&#8230;<\/p>\n","protected":false},"author":1,"featured_media":0,"parent":0,"menu_order":0,"comment_status":"closed","ping_status":"closed","template":"","meta":[],"yoast_head":"<!-- This site is optimized with the Yoast SEO plugin v18.3 - https:\/\/yoast.com\/wordpress\/plugins\/seo\/ -->\n<title>Datenschutzerkl\u00e4rung - ecambria systems GmbH<\/title>\n<meta name=\"robots\" content=\"index, follow, max-snippet:-1, max-image-preview:large, max-video-preview:-1\" \/>\n<link rel=\"canonical\" href=\"https:\/\/www.ecambria-systems.com\/compliance-by-design\/datenschutzerklaerung\/\" \/>\n<meta property=\"og:locale\" content=\"de_DE\" \/>\n<meta property=\"og:type\" content=\"article\" \/>\n<meta property=\"og:title\" content=\"Datenschutzerkl\u00e4rung - ecambria systems GmbH\" \/>\n<meta property=\"og:description\" content=\"Wir freuen uns \u00fcber Ihr Interesse an unserem Online-Angebot. Nachfolgend erfahren Sie, welche personenbezogenen Daten bei der Nutzung unserer Online-Angebote www.ecambria-systems.com www.ecambria-experts.de escrow.ecambria-experts.de www.cryptotickets.com von uns erhoben werden und wie wir diese verarbeiten. Personenbezogene Daten sind solche Daten, die auf Sie pers\u00f6nlich beziehbar sind, z.B. Ihr Name, Ihre Anschrift oder...\" \/>\n<meta property=\"og:url\" content=\"https:\/\/www.ecambria-systems.com\/compliance-by-design\/datenschutzerklaerung\/\" \/>\n<meta property=\"og:site_name\" content=\"ecambria systems GmbH\" \/>\n<meta property=\"article:modified_time\" content=\"2020-07-07T13:16:52+00:00\" \/>\n<meta name=\"twitter:card\" content=\"summary\" \/>\n<meta name=\"twitter:label1\" content=\"Gesch\u00e4tzte Lesezeit\" \/>\n\t<meta name=\"twitter:data1\" content=\"2\u00a0Minuten\" \/>\n<script type=\"application\/ld+json\" class=\"yoast-schema-graph\">{\"@context\":\"https:\/\/schema.org\",\"@graph\":[{\"@type\":\"WebSite\",\"@id\":\"https:\/\/www.ecambria-systems.com\/compliance-by-design\/#website\",\"url\":\"https:\/\/www.ecambria-systems.com\/compliance-by-design\/\",\"name\":\"ecambria systems GmbH\",\"description\":\"Software, Consulting, Expertise\",\"potentialAction\":[{\"@type\":\"SearchAction\",\"target\":{\"@type\":\"EntryPoint\",\"urlTemplate\":\"https:\/\/www.ecambria-systems.com\/compliance-by-design\/?s={search_term_string}\"},\"query-input\":\"required name=search_term_string\"}],\"inLanguage\":\"de\"},{\"@type\":\"WebPage\",\"@id\":\"https:\/\/www.ecambria-systems.com\/compliance-by-design\/datenschutzerklaerung\/#webpage\",\"url\":\"https:\/\/www.ecambria-systems.com\/compliance-by-design\/datenschutzerklaerung\/\",\"name\":\"Datenschutzerkl\u00e4rung - ecambria systems GmbH\",\"isPartOf\":{\"@id\":\"https:\/\/www.ecambria-systems.com\/compliance-by-design\/#website\"},\"datePublished\":\"2018-05-02T18:33:50+00:00\",\"dateModified\":\"2020-07-07T13:16:52+00:00\",\"breadcrumb\":{\"@id\":\"https:\/\/www.ecambria-systems.com\/compliance-by-design\/datenschutzerklaerung\/#breadcrumb\"},\"inLanguage\":\"de\",\"potentialAction\":[{\"@type\":\"ReadAction\",\"target\":[\"https:\/\/www.ecambria-systems.com\/compliance-by-design\/datenschutzerklaerung\/\"]}]},{\"@type\":\"BreadcrumbList\",\"@id\":\"https:\/\/www.ecambria-systems.com\/compliance-by-design\/datenschutzerklaerung\/#breadcrumb\",\"itemListElement\":[{\"@type\":\"ListItem\",\"position\":1,\"name\":\"Startseite\",\"item\":\"https:\/\/www.ecambria-systems.com\/compliance-by-design\/\"},{\"@type\":\"ListItem\",\"position\":2,\"name\":\"Datenschutzerkl\u00e4rung\"}]}]}<\/script>\n<!-- \/ Yoast SEO plugin. -->","yoast_head_json":{"title":"Datenschutzerkl\u00e4rung - ecambria systems GmbH","robots":{"index":"index","follow":"follow","max-snippet":"max-snippet:-1","max-image-preview":"max-image-preview:large","max-video-preview":"max-video-preview:-1"},"canonical":"https:\/\/www.ecambria-systems.com\/compliance-by-design\/datenschutzerklaerung\/","og_locale":"de_DE","og_type":"article","og_title":"Datenschutzerkl\u00e4rung - ecambria systems GmbH","og_description":"Wir freuen uns \u00fcber Ihr Interesse an unserem Online-Angebot. Nachfolgend erfahren Sie, welche personenbezogenen Daten bei der Nutzung unserer Online-Angebote www.ecambria-systems.com www.ecambria-experts.de escrow.ecambria-experts.de www.cryptotickets.com von uns erhoben werden und wie wir diese verarbeiten. Personenbezogene Daten sind solche Daten, die auf Sie pers\u00f6nlich beziehbar sind, z.B. Ihr Name, Ihre Anschrift oder...","og_url":"https:\/\/www.ecambria-systems.com\/compliance-by-design\/datenschutzerklaerung\/","og_site_name":"ecambria systems GmbH","article_modified_time":"2020-07-07T13:16:52+00:00","twitter_card":"summary","twitter_misc":{"Gesch\u00e4tzte Lesezeit":"2\u00a0Minuten"},"schema":{"@context":"https:\/\/schema.org","@graph":[{"@type":"WebSite","@id":"https:\/\/www.ecambria-systems.com\/compliance-by-design\/#website","url":"https:\/\/www.ecambria-systems.com\/compliance-by-design\/","name":"ecambria systems GmbH","description":"Software, Consulting, Expertise","potentialAction":[{"@type":"SearchAction","target":{"@type":"EntryPoint","urlTemplate":"https:\/\/www.ecambria-systems.com\/compliance-by-design\/?s={search_term_string}"},"query-input":"required name=search_term_string"}],"inLanguage":"de"},{"@type":"WebPage","@id":"https:\/\/www.ecambria-systems.com\/compliance-by-design\/datenschutzerklaerung\/#webpage","url":"https:\/\/www.ecambria-systems.com\/compliance-by-design\/datenschutzerklaerung\/","name":"Datenschutzerkl\u00e4rung - ecambria systems GmbH","isPartOf":{"@id":"https:\/\/www.ecambria-systems.com\/compliance-by-design\/#website"},"datePublished":"2018-05-02T18:33:50+00:00","dateModified":"2020-07-07T13:16:52+00:00","breadcrumb":{"@id":"https:\/\/www.ecambria-systems.com\/compliance-by-design\/datenschutzerklaerung\/#breadcrumb"},"inLanguage":"de","potentialAction":[{"@type":"ReadAction","target":["https:\/\/www.ecambria-systems.com\/compliance-by-design\/datenschutzerklaerung\/"]}]},{"@type":"BreadcrumbList","@id":"https:\/\/www.ecambria-systems.com\/compliance-by-design\/datenschutzerklaerung\/#breadcrumb","itemListElement":[{"@type":"ListItem","position":1,"name":"Startseite","item":"https:\/\/www.ecambria-systems.com\/compliance-by-design\/"},{"@type":"ListItem","position":2,"name":"Datenschutzerkl\u00e4rung"}]}]}},"_links":{"self":[{"href":"https:\/\/www.ecambria-systems.com\/compliance-by-design\/wp-json\/wp\/v2\/pages\/360"}],"collection":[{"href":"https:\/\/www.ecambria-systems.com\/compliance-by-design\/wp-json\/wp\/v2\/pages"}],"about":[{"href":"https:\/\/www.ecambria-systems.com\/compliance-by-design\/wp-json\/wp\/v2\/types\/page"}],"author":[{"embeddable":true,"href":"https:\/\/www.ecambria-systems.com\/compliance-by-design\/wp-json\/wp\/v2\/users\/1"}],"replies":[{"embeddable":true,"href":"https:\/\/www.ecambria-systems.com\/compliance-by-design\/wp-json\/wp\/v2\/comments?post=360"}],"version-history":[{"count":9,"href":"https:\/\/www.ecambria-systems.com\/compliance-by-design\/wp-json\/wp\/v2\/pages\/360\/revisions"}],"predecessor-version":[{"id":677,"href":"https:\/\/www.ecambria-systems.com\/compliance-by-design\/wp-json\/wp\/v2\/pages\/360\/revisions\/677"}],"wp:attachment":[{"href":"https:\/\/www.ecambria-systems.com\/compliance-by-design\/wp-json\/wp\/v2\/media?parent=360"}],"curies":[{"name":"wp","href":"https:\/\/api.w.org\/{rel}","templated":true}]}}