{"id":398,"date":"2018-05-02T19:32:26","date_gmt":"2018-05-02T19:32:26","guid":{"rendered":"http:\/\/www.ecambria-systems.com\/compliance-by-design\/?page_id=398"},"modified":"2018-05-12T17:57:52","modified_gmt":"2018-05-12T17:57:52","slug":"legal-notices","status":"publish","type":"page","link":"https:\/\/www.ecambria-systems.com\/compliance-by-design\/en\/legal-notices\/","title":{"rendered":"Legal notices"},"content":{"rendered":"<p class=\"main-text\"><a href=\"http:\/\/www.ecambria-systems.com\">ecambria systems GmbH<\/a><br \/>\nHerzogenrather Str. 11<br \/>\n50933 Cologne<br \/>\nGermany<br \/>\nTel. +49 (0)221\/5955 27-0<br \/>\nFax +49 (0)221\/5955 27-5<br \/>\nE-Mail: <a href=\"&#109;&#x61;&#105;&#x6c;t&#111;&#x3a;&#105;&#x6e;f&#x6f;&#64;&#101;&#x63;&#97;&#x6d;b&#x72;&#x69;&#97;&#x2d;s&#x79;s&#116;&#x65;&#109;&#x73;&#46;&#x63;o&#109;\">&#x69;&#110;&#102;o&#x40;&#x65;&#99;a&#x6d;&#x62;&#114;i&#x61;&#x2d;&#115;y&#x73;&#x74;&#101;m&#x73;&#x2e;&#99;o&#x6d;<\/a><\/p>\n<p class=\"main-text\">Gesch\u00e4ftsf\u00fchrer:<br \/>\n<a href=\"http:\/\/www.ecambria-experts.de\/it-sachverstaendiger\/sv-stiemerling\" target=\"_blank\" rel=\"noopener\">Dr. Oliver Stiemerling<\/a><\/p>\n<p class=\"main-text\">Registergericht: K\u00f6ln<br \/>\nCompany register number: HRB 36667<br \/>\nCologne<br \/>\nVAT-IdNr. DE216140045<\/p>\n<p class=\"main-text\">Professional Insurance:<br \/>\nAXA Versicherung AG<\/p>\n","protected":false},"excerpt":{"rendered":"<p>ecambria systems GmbH Herzogenrather Str. 11 50933 Cologne Germany Tel. +49 (0)221\/5955 27-0 Fax +49 (0)221\/5955 27-5 E-Mail: info&#64;&#101;&#99;&#97;&#109;&#x62;&#x72;&#x69;&#x61;&#x2d;&#x73;&#x79;stem&#115;&#46;&#99;&#111;&#109; Gesch\u00e4ftsf\u00fchrer: Dr. Oliver Stiemerling Registergericht: K\u00f6ln Company register number: HRB 36667 Cologne VAT-IdNr. DE216140045 Professional Insurance: AXA Versicherung AG<\/p>\n","protected":false},"author":1,"featured_media":0,"parent":0,"menu_order":0,"comment_status":"closed","ping_status":"open","template":"page-templates\/front-page.php","meta":[],"yoast_head":"<!-- This site is optimized with the Yoast SEO plugin v18.3 - https:\/\/yoast.com\/wordpress\/plugins\/seo\/ -->\n<title>Legal notices - ecambria systems GmbH<\/title>\n<meta name=\"description\" content=\"ecambria systems GmbH Herzogenrather Str. 11 50933 Cologne Germany Tel. +49 (0)221\/5955 27-0 Fax +49 (0)221\/5955 27-5 E-Mail: info@ecambria-systems.com\" \/>\n<meta name=\"robots\" content=\"index, follow, max-snippet:-1, max-image-preview:large, max-video-preview:-1\" \/>\n<link rel=\"canonical\" href=\"https:\/\/www.ecambria-systems.com\/compliance-by-design\/en\/legal-notices\/\" \/>\n<meta property=\"og:locale\" content=\"de_DE\" \/>\n<meta property=\"og:type\" content=\"article\" \/>\n<meta property=\"og:title\" content=\"Legal notices - ecambria systems GmbH\" \/>\n<meta property=\"og:description\" content=\"ecambria systems GmbH Herzogenrather Str. 11 50933 Cologne Germany Tel. +49 (0)221\/5955 27-0 Fax +49 (0)221\/5955 27-5 E-Mail: info@ecambria-systems.com\" \/>\n<meta property=\"og:url\" content=\"https:\/\/www.ecambria-systems.com\/compliance-by-design\/en\/legal-notices\/\" \/>\n<meta property=\"og:site_name\" content=\"ecambria systems GmbH\" \/>\n<meta property=\"article:modified_time\" content=\"2018-05-12T17:57:52+00:00\" \/>\n<meta name=\"twitter:card\" content=\"summary\" \/>\n<script type=\"application\/ld+json\" class=\"yoast-schema-graph\">{\"@context\":\"https:\/\/schema.org\",\"@graph\":[{\"@type\":\"WebSite\",\"@id\":\"https:\/\/www.ecambria-systems.com\/compliance-by-design\/#website\",\"url\":\"https:\/\/www.ecambria-systems.com\/compliance-by-design\/\",\"name\":\"ecambria systems GmbH\",\"description\":\"Software, Consulting, Expertise\",\"potentialAction\":[{\"@type\":\"SearchAction\",\"target\":{\"@type\":\"EntryPoint\",\"urlTemplate\":\"https:\/\/www.ecambria-systems.com\/compliance-by-design\/?s={search_term_string}\"},\"query-input\":\"required name=search_term_string\"}],\"inLanguage\":\"de\"},{\"@type\":\"WebPage\",\"@id\":\"https:\/\/www.ecambria-systems.com\/compliance-by-design\/en\/legal-notices\/#webpage\",\"url\":\"https:\/\/www.ecambria-systems.com\/compliance-by-design\/en\/legal-notices\/\",\"name\":\"Legal notices - ecambria systems GmbH\",\"isPartOf\":{\"@id\":\"https:\/\/www.ecambria-systems.com\/compliance-by-design\/#website\"},\"datePublished\":\"2018-05-02T19:32:26+00:00\",\"dateModified\":\"2018-05-12T17:57:52+00:00\",\"description\":\"ecambria systems GmbH Herzogenrather Str. 11 50933 Cologne Germany Tel. +49 (0)221\/5955 27-0 Fax +49 (0)221\/5955 27-5 E-Mail: info@ecambria-systems.com\",\"breadcrumb\":{\"@id\":\"https:\/\/www.ecambria-systems.com\/compliance-by-design\/en\/legal-notices\/#breadcrumb\"},\"inLanguage\":\"de\",\"potentialAction\":[{\"@type\":\"ReadAction\",\"target\":[\"https:\/\/www.ecambria-systems.com\/compliance-by-design\/en\/legal-notices\/\"]}]},{\"@type\":\"BreadcrumbList\",\"@id\":\"https:\/\/www.ecambria-systems.com\/compliance-by-design\/en\/legal-notices\/#breadcrumb\",\"itemListElement\":[{\"@type\":\"ListItem\",\"position\":1,\"name\":\"Startseite\",\"item\":\"https:\/\/www.ecambria-systems.com\/compliance-by-design\/\"},{\"@type\":\"ListItem\",\"position\":2,\"name\":\"Legal notices\"}]}]}<\/script>\n<!-- \/ Yoast SEO plugin. -->","yoast_head_json":{"title":"Legal notices - ecambria systems GmbH","description":"ecambria systems GmbH Herzogenrather Str. 11 50933 Cologne Germany Tel. +49 (0)221\/5955 27-0 Fax +49 (0)221\/5955 27-5 E-Mail: info@ecambria-systems.com","robots":{"index":"index","follow":"follow","max-snippet":"max-snippet:-1","max-image-preview":"max-image-preview:large","max-video-preview":"max-video-preview:-1"},"canonical":"https:\/\/www.ecambria-systems.com\/compliance-by-design\/en\/legal-notices\/","og_locale":"de_DE","og_type":"article","og_title":"Legal notices - ecambria systems GmbH","og_description":"ecambria systems GmbH Herzogenrather Str. 11 50933 Cologne Germany Tel. +49 (0)221\/5955 27-0 Fax +49 (0)221\/5955 27-5 E-Mail: info@ecambria-systems.com","og_url":"https:\/\/www.ecambria-systems.com\/compliance-by-design\/en\/legal-notices\/","og_site_name":"ecambria systems GmbH","article_modified_time":"2018-05-12T17:57:52+00:00","twitter_card":"summary","schema":{"@context":"https:\/\/schema.org","@graph":[{"@type":"WebSite","@id":"https:\/\/www.ecambria-systems.com\/compliance-by-design\/#website","url":"https:\/\/www.ecambria-systems.com\/compliance-by-design\/","name":"ecambria systems GmbH","description":"Software, Consulting, Expertise","potentialAction":[{"@type":"SearchAction","target":{"@type":"EntryPoint","urlTemplate":"https:\/\/www.ecambria-systems.com\/compliance-by-design\/?s={search_term_string}"},"query-input":"required name=search_term_string"}],"inLanguage":"de"},{"@type":"WebPage","@id":"https:\/\/www.ecambria-systems.com\/compliance-by-design\/en\/legal-notices\/#webpage","url":"https:\/\/www.ecambria-systems.com\/compliance-by-design\/en\/legal-notices\/","name":"Legal notices - ecambria systems GmbH","isPartOf":{"@id":"https:\/\/www.ecambria-systems.com\/compliance-by-design\/#website"},"datePublished":"2018-05-02T19:32:26+00:00","dateModified":"2018-05-12T17:57:52+00:00","description":"ecambria systems GmbH Herzogenrather Str. 11 50933 Cologne Germany Tel. +49 (0)221\/5955 27-0 Fax +49 (0)221\/5955 27-5 E-Mail: info@ecambria-systems.com","breadcrumb":{"@id":"https:\/\/www.ecambria-systems.com\/compliance-by-design\/en\/legal-notices\/#breadcrumb"},"inLanguage":"de","potentialAction":[{"@type":"ReadAction","target":["https:\/\/www.ecambria-systems.com\/compliance-by-design\/en\/legal-notices\/"]}]},{"@type":"BreadcrumbList","@id":"https:\/\/www.ecambria-systems.com\/compliance-by-design\/en\/legal-notices\/#breadcrumb","itemListElement":[{"@type":"ListItem","position":1,"name":"Startseite","item":"https:\/\/www.ecambria-systems.com\/compliance-by-design\/"},{"@type":"ListItem","position":2,"name":"Legal notices"}]}]}},"_links":{"self":[{"href":"https:\/\/www.ecambria-systems.com\/compliance-by-design\/wp-json\/wp\/v2\/pages\/398"}],"collection":[{"href":"https:\/\/www.ecambria-systems.com\/compliance-by-design\/wp-json\/wp\/v2\/pages"}],"about":[{"href":"https:\/\/www.ecambria-systems.com\/compliance-by-design\/wp-json\/wp\/v2\/types\/page"}],"author":[{"embeddable":true,"href":"https:\/\/www.ecambria-systems.com\/compliance-by-design\/wp-json\/wp\/v2\/users\/1"}],"replies":[{"embeddable":true,"href":"https:\/\/www.ecambria-systems.com\/compliance-by-design\/wp-json\/wp\/v2\/comments?post=398"}],"version-history":[{"count":6,"href":"https:\/\/www.ecambria-systems.com\/compliance-by-design\/wp-json\/wp\/v2\/pages\/398\/revisions"}],"predecessor-version":[{"id":587,"href":"https:\/\/www.ecambria-systems.com\/compliance-by-design\/wp-json\/wp\/v2\/pages\/398\/revisions\/587"}],"wp:attachment":[{"href":"https:\/\/www.ecambria-systems.com\/compliance-by-design\/wp-json\/wp\/v2\/media?parent=398"}],"curies":[{"name":"wp","href":"https:\/\/api.w.org\/{rel}","templated":true}]}}