{"id":431,"date":"2018-05-08T09:03:44","date_gmt":"2018-05-08T09:03:44","guid":{"rendered":"http:\/\/www.ecambria-systems.com\/compliance-by-design\/?page_id=431"},"modified":"2018-08-08T15:19:33","modified_gmt":"2018-08-08T15:19:33","slug":"audits-2","status":"publish","type":"page","link":"https:\/\/www.ecambria-systems.com\/compliance-by-design\/audits-2\/","title":{"rendered":"IT-Sachverst\u00e4ndige und Gutachter, Audits"},"content":{"rendered":"<div id=\"contentcolumn\">\n<p>Im Kompetenzbereich <strong>ecambria experts<\/strong> bietet die ecambria systems GmbH auch Audits, Gutachten und IT-Sachverst\u00e4ndigenleistungen f\u00fcr Gerichte, Anw\u00e4lte und Unternehmen an. Dieses T\u00e4tigkeitsfeld ist staatlich durch die Gewerbeordnungen und insbesondere die Sachverst\u00e4ndigenordnungen der Industrie- und Handelskammern (IHK) reguliert. Um diesen besonderen Regularien zu entsprechen, behandeln wir die Sachverst\u00e4ndigenleistungen streng getrennt vom \u00fcbrigen Gesch\u00e4ft der ecambria systems GmbH und bitten Sie, die Website f\u00fcr dieses Angebot durch den folgenden Link aufzusuchen:<\/p>\n<\/div>\n<div>\n<p class=\"main-text\"><b><a href=\"http:\/\/www.ecambria-experts.de\">&gt; Zu den ecambria experts: Gutachter und IT-Sachverst\u00e4ndige<\/a><\/b><\/p>\n<\/div>\n<p>&nbsp;<\/p>\n","protected":false},"excerpt":{"rendered":"<p>Im Kompetenzbereich ecambria experts bietet die ecambria systems GmbH auch Audits, Gutachten und IT-Sachverst\u00e4ndigenleistungen f\u00fcr Gerichte, Anw\u00e4lte und Unternehmen an. Dieses T\u00e4tigkeitsfeld ist staatlich durch die Gewerbeordnungen und insbesondere die Sachverst\u00e4ndigenordnungen der Industrie- und Handelskammern (IHK) reguliert. Um diesen besonderen Regularien zu entsprechen, behandeln wir die Sachverst\u00e4ndigenleistungen streng getrennt vom&#8230;<\/p>\n","protected":false},"author":1,"featured_media":0,"parent":0,"menu_order":0,"comment_status":"closed","ping_status":"closed","template":"page-templates\/front-page.php","meta":[],"yoast_head":"<!-- This site is optimized with the Yoast SEO plugin v18.3 - https:\/\/yoast.com\/wordpress\/plugins\/seo\/ -->\n<title>IT-Sachverst\u00e4ndige und Gutachter, Audits - ecambria systems GmbH<\/title>\n<meta name=\"description\" content=\"Die ecambria systems GmbH bietet im Kompetenzbereich ecambria experts auch Audits, Gutachten und IT-Sachverst\u00e4ndigenleistungen f\u00fcr Gerichte, Anw\u00e4lte und Unternehmen an. Dieses T\u00e4tigkeitsfeld ist staatlich durch die Gewerbeordnungen und insbesondere die Sachverst\u00e4ndigenordnungen der IHK reguliert.\" \/>\n<meta name=\"robots\" content=\"index, follow, max-snippet:-1, max-image-preview:large, max-video-preview:-1\" \/>\n<link rel=\"canonical\" href=\"https:\/\/www.ecambria-systems.com\/compliance-by-design\/audits-2\/\" \/>\n<meta property=\"og:locale\" content=\"de_DE\" \/>\n<meta property=\"og:type\" content=\"article\" \/>\n<meta property=\"og:title\" content=\"IT-Sachverst\u00e4ndige und Gutachter, Audits - ecambria systems GmbH\" \/>\n<meta property=\"og:description\" content=\"Die ecambria systems GmbH bietet im Kompetenzbereich ecambria experts auch Audits, Gutachten und IT-Sachverst\u00e4ndigenleistungen f\u00fcr Gerichte, Anw\u00e4lte und Unternehmen an. Dieses T\u00e4tigkeitsfeld ist staatlich durch die Gewerbeordnungen und insbesondere die Sachverst\u00e4ndigenordnungen der IHK reguliert.\" \/>\n<meta property=\"og:url\" content=\"https:\/\/www.ecambria-systems.com\/compliance-by-design\/audits-2\/\" \/>\n<meta property=\"og:site_name\" content=\"ecambria systems GmbH\" \/>\n<meta property=\"article:modified_time\" content=\"2018-08-08T15:19:33+00:00\" \/>\n<meta name=\"twitter:card\" content=\"summary\" \/>\n<script type=\"application\/ld+json\" class=\"yoast-schema-graph\">{\"@context\":\"https:\/\/schema.org\",\"@graph\":[{\"@type\":\"WebSite\",\"@id\":\"https:\/\/www.ecambria-systems.com\/compliance-by-design\/#website\",\"url\":\"https:\/\/www.ecambria-systems.com\/compliance-by-design\/\",\"name\":\"ecambria systems GmbH\",\"description\":\"Software, Consulting, Expertise\",\"potentialAction\":[{\"@type\":\"SearchAction\",\"target\":{\"@type\":\"EntryPoint\",\"urlTemplate\":\"https:\/\/www.ecambria-systems.com\/compliance-by-design\/?s={search_term_string}\"},\"query-input\":\"required name=search_term_string\"}],\"inLanguage\":\"de\"},{\"@type\":\"WebPage\",\"@id\":\"https:\/\/www.ecambria-systems.com\/compliance-by-design\/audits-2\/#webpage\",\"url\":\"https:\/\/www.ecambria-systems.com\/compliance-by-design\/audits-2\/\",\"name\":\"IT-Sachverst\u00e4ndige und Gutachter, Audits - ecambria systems GmbH\",\"isPartOf\":{\"@id\":\"https:\/\/www.ecambria-systems.com\/compliance-by-design\/#website\"},\"datePublished\":\"2018-05-08T09:03:44+00:00\",\"dateModified\":\"2018-08-08T15:19:33+00:00\",\"description\":\"Die ecambria systems GmbH bietet im Kompetenzbereich ecambria experts auch Audits, Gutachten und IT-Sachverst\u00e4ndigenleistungen f\u00fcr Gerichte, Anw\u00e4lte und Unternehmen an. Dieses T\u00e4tigkeitsfeld ist staatlich durch die Gewerbeordnungen und insbesondere die Sachverst\u00e4ndigenordnungen der IHK reguliert.\",\"breadcrumb\":{\"@id\":\"https:\/\/www.ecambria-systems.com\/compliance-by-design\/audits-2\/#breadcrumb\"},\"inLanguage\":\"de\",\"potentialAction\":[{\"@type\":\"ReadAction\",\"target\":[\"https:\/\/www.ecambria-systems.com\/compliance-by-design\/audits-2\/\"]}]},{\"@type\":\"BreadcrumbList\",\"@id\":\"https:\/\/www.ecambria-systems.com\/compliance-by-design\/audits-2\/#breadcrumb\",\"itemListElement\":[{\"@type\":\"ListItem\",\"position\":1,\"name\":\"Startseite\",\"item\":\"https:\/\/www.ecambria-systems.com\/compliance-by-design\/\"},{\"@type\":\"ListItem\",\"position\":2,\"name\":\"IT-Sachverst\u00e4ndige und Gutachter, Audits\"}]}]}<\/script>\n<!-- \/ Yoast SEO plugin. -->","yoast_head_json":{"title":"IT-Sachverst\u00e4ndige und Gutachter, Audits - ecambria systems GmbH","description":"Die ecambria systems GmbH bietet im Kompetenzbereich ecambria experts auch Audits, Gutachten und IT-Sachverst\u00e4ndigenleistungen f\u00fcr Gerichte, Anw\u00e4lte und Unternehmen an. Dieses T\u00e4tigkeitsfeld ist staatlich durch die Gewerbeordnungen und insbesondere die Sachverst\u00e4ndigenordnungen der IHK reguliert.","robots":{"index":"index","follow":"follow","max-snippet":"max-snippet:-1","max-image-preview":"max-image-preview:large","max-video-preview":"max-video-preview:-1"},"canonical":"https:\/\/www.ecambria-systems.com\/compliance-by-design\/audits-2\/","og_locale":"de_DE","og_type":"article","og_title":"IT-Sachverst\u00e4ndige und Gutachter, Audits - ecambria systems GmbH","og_description":"Die ecambria systems GmbH bietet im Kompetenzbereich ecambria experts auch Audits, Gutachten und IT-Sachverst\u00e4ndigenleistungen f\u00fcr Gerichte, Anw\u00e4lte und Unternehmen an. Dieses T\u00e4tigkeitsfeld ist staatlich durch die Gewerbeordnungen und insbesondere die Sachverst\u00e4ndigenordnungen der IHK reguliert.","og_url":"https:\/\/www.ecambria-systems.com\/compliance-by-design\/audits-2\/","og_site_name":"ecambria systems GmbH","article_modified_time":"2018-08-08T15:19:33+00:00","twitter_card":"summary","schema":{"@context":"https:\/\/schema.org","@graph":[{"@type":"WebSite","@id":"https:\/\/www.ecambria-systems.com\/compliance-by-design\/#website","url":"https:\/\/www.ecambria-systems.com\/compliance-by-design\/","name":"ecambria systems GmbH","description":"Software, Consulting, Expertise","potentialAction":[{"@type":"SearchAction","target":{"@type":"EntryPoint","urlTemplate":"https:\/\/www.ecambria-systems.com\/compliance-by-design\/?s={search_term_string}"},"query-input":"required name=search_term_string"}],"inLanguage":"de"},{"@type":"WebPage","@id":"https:\/\/www.ecambria-systems.com\/compliance-by-design\/audits-2\/#webpage","url":"https:\/\/www.ecambria-systems.com\/compliance-by-design\/audits-2\/","name":"IT-Sachverst\u00e4ndige und Gutachter, Audits - ecambria systems GmbH","isPartOf":{"@id":"https:\/\/www.ecambria-systems.com\/compliance-by-design\/#website"},"datePublished":"2018-05-08T09:03:44+00:00","dateModified":"2018-08-08T15:19:33+00:00","description":"Die ecambria systems GmbH bietet im Kompetenzbereich ecambria experts auch Audits, Gutachten und IT-Sachverst\u00e4ndigenleistungen f\u00fcr Gerichte, Anw\u00e4lte und Unternehmen an. Dieses T\u00e4tigkeitsfeld ist staatlich durch die Gewerbeordnungen und insbesondere die Sachverst\u00e4ndigenordnungen der IHK reguliert.","breadcrumb":{"@id":"https:\/\/www.ecambria-systems.com\/compliance-by-design\/audits-2\/#breadcrumb"},"inLanguage":"de","potentialAction":[{"@type":"ReadAction","target":["https:\/\/www.ecambria-systems.com\/compliance-by-design\/audits-2\/"]}]},{"@type":"BreadcrumbList","@id":"https:\/\/www.ecambria-systems.com\/compliance-by-design\/audits-2\/#breadcrumb","itemListElement":[{"@type":"ListItem","position":1,"name":"Startseite","item":"https:\/\/www.ecambria-systems.com\/compliance-by-design\/"},{"@type":"ListItem","position":2,"name":"IT-Sachverst\u00e4ndige und Gutachter, Audits"}]}]}},"_links":{"self":[{"href":"https:\/\/www.ecambria-systems.com\/compliance-by-design\/wp-json\/wp\/v2\/pages\/431"}],"collection":[{"href":"https:\/\/www.ecambria-systems.com\/compliance-by-design\/wp-json\/wp\/v2\/pages"}],"about":[{"href":"https:\/\/www.ecambria-systems.com\/compliance-by-design\/wp-json\/wp\/v2\/types\/page"}],"author":[{"embeddable":true,"href":"https:\/\/www.ecambria-systems.com\/compliance-by-design\/wp-json\/wp\/v2\/users\/1"}],"replies":[{"embeddable":true,"href":"https:\/\/www.ecambria-systems.com\/compliance-by-design\/wp-json\/wp\/v2\/comments?post=431"}],"version-history":[{"count":6,"href":"https:\/\/www.ecambria-systems.com\/compliance-by-design\/wp-json\/wp\/v2\/pages\/431\/revisions"}],"predecessor-version":[{"id":626,"href":"https:\/\/www.ecambria-systems.com\/compliance-by-design\/wp-json\/wp\/v2\/pages\/431\/revisions\/626"}],"wp:attachment":[{"href":"https:\/\/www.ecambria-systems.com\/compliance-by-design\/wp-json\/wp\/v2\/media?parent=431"}],"curies":[{"name":"wp","href":"https:\/\/api.w.org\/{rel}","templated":true}]}}